{"id":7,"date":"2018-05-08T08:11:09","date_gmt":"2018-05-08T08:11:09","guid":{"rendered":"http:\/\/ligetapartmanhazak.hu\/?page_id=7"},"modified":"2018-06-22T07:46:36","modified_gmt":"2018-06-22T05:46:36","slug":"kezdolap","status":"publish","type":"page","link":"https:\/\/ligetapartmanhazak.hu\/","title":{"rendered":"K\u00f6sz\u00f6ntj\u00fck! Willkommen!"},"content":{"rendered":"<p>Apartmanjaink a Tisza- Parti Term\u00e1lf\u00fcrd\u0151 \u00e9s a tiszai szabad strand k\u00f6z\u00f6tt f\u00e9l\u00faton helyezkednek el, \u00edgy mindkett\u0151 n\u00e9h\u00e1ny perces kellemes s\u00e9t\u00e1val el\u00e9rhet\u0151. Tavaszt\u00f3l \u0151szig a k\u00f6zelben \u00fczemel sz\u00e1mos \u00e9tterem, fagyiz\u00f3, pizz\u00e9ria, \u00e9lelmiszerbolt, \u00edgy elt\u00f6lthet n\u00e1lunk n\u00e9h\u00e1ny aut\u00f3mentes napot, ha erre v\u00e1gyik.\u00a0 Err\u0151l gondoskodnak j\u00f3l felszerelt ker\u00e9kp\u00e1rjaink, amik vend\u00e9geink rendelkez\u00e9s\u00e9re \u00e1llnak, a v\u00e1ros \u00e9s a k\u00f6rny\u00e9k sz\u00e1mos t\u00faralehet\u0151s\u00e9get k\u00edn\u00e1l.<\/p>\n<p>Az \u00fcd\u00fcl\u0151 ter\u00fclet\u00e9n 12 apartman \u00e1ll vend\u00e9geink rendelkez\u00e9s\u00e9re, mindegyik felszerelts\u00e9ge lehet\u0151v\u00e9 teszi, hogy szinte otthoni k\u00e9nyelemben pihenhessenek n\u00e1lunk. Mivel mindegyik apartman f\u0171thet\u0151, ez az \u00e9v hidegebb h\u00f3napjaiban is lehets\u00e9ges. A ter\u00fcletet hatalmas f\u00e1k veszik k\u00f6r\u00fcl, amik a legnagyobb melegben is h\u0171s\u00edt\u0151 \u00e1rny\u00e9kot ny\u00fajtanak, a lombjaik k\u00f6zt f\u00e9szkel\u0151 madarak csicserg\u00e9se \u00fcd\u00edt\u0151en hat mindenkire. A ter\u00fclet nagys\u00e1g\u00e1n\u00e1l fogva kit\u0171n\u0151en alkalmas kisgyermekes csal\u00e1dok sz\u00e1m\u00e1ra is. Biztons\u00e1gosan k\u00f6rbeker\u00edtett f\u00fcves pihen\u0151k, j\u00e1tsz\u00f3t\u00e9r, focip\u00e1lya v\u00e1rja az akt\u00edv id\u0151t\u00f6lt\u00e9sre v\u00e1gy\u00f3kat.<\/p>\n<p><em><a href=\"http:\/\/ligetapartmanhazak.hu\/?page_id=60\">Deutsch<\/a><\/em><\/p>\n","protected":false},"excerpt":{"rendered":"<p>Apartmanjaink a Tisza- Parti Term\u00e1lf\u00fcrd\u0151 \u00e9s a tiszai szabad strand k\u00f6z\u00f6tt f\u00e9l\u00faton helyezkednek el, \u00edgy mindkett\u0151 n\u00e9h\u00e1ny perces kellemes s\u00e9t\u00e1val el\u00e9rhet\u0151. Tavaszt\u00f3l \u0151szig a k\u00f6zelben \u00fczemel sz\u00e1mos \u00e9tterem, fagyiz\u00f3, pizz\u00e9ria, \u00e9lelmiszerbolt, \u00edgy elt\u00f6lthet n\u00e1lunk n\u00e9h\u00e1ny aut\u00f3mentes napot, ha erre v\u00e1gyik.\u00a0 Err\u0151l gondoskodnak j\u00f3l felszerelt ker\u00e9kp\u00e1rjaink, amik vend\u00e9geink rendelkez\u00e9s\u00e9re \u00e1llnak, a v\u00e1ros \u00e9s a k\u00f6rny\u00e9k sz\u00e1mos &hellip; <a href=\"https:\/\/ligetapartmanhazak.hu\/\" class=\"more-link\">Continue reading<span class=\"screen-reader-text\"> &#8222;K\u00f6sz\u00f6ntj\u00fck! Willkommen!&#8221;<\/span><\/a><\/p>\n","protected":false},"author":1,"featured_media":42,"parent":0,"menu_order":0,"comment_status":"closed","ping_status":"closed","template":"template-front-page.php","meta":[],"_links":{"self":[{"href":"https:\/\/ligetapartmanhazak.hu\/index.php?rest_route=\/wp\/v2\/pages\/7"}],"collection":[{"href":"https:\/\/ligetapartmanhazak.hu\/index.php?rest_route=\/wp\/v2\/pages"}],"about":[{"href":"https:\/\/ligetapartmanhazak.hu\/index.php?rest_route=\/wp\/v2\/types\/page"}],"author":[{"embeddable":true,"href":"https:\/\/ligetapartmanhazak.hu\/index.php?rest_route=\/wp\/v2\/users\/1"}],"replies":[{"embeddable":true,"href":"https:\/\/ligetapartmanhazak.hu\/index.php?rest_route=%2Fwp%2Fv2%2Fcomments&post=7"}],"version-history":[{"count":13,"href":"https:\/\/ligetapartmanhazak.hu\/index.php?rest_route=\/wp\/v2\/pages\/7\/revisions"}],"predecessor-version":[{"id":115,"href":"https:\/\/ligetapartmanhazak.hu\/index.php?rest_route=\/wp\/v2\/pages\/7\/revisions\/115"}],"wp:featuredmedia":[{"embeddable":true,"href":"https:\/\/ligetapartmanhazak.hu\/index.php?rest_route=\/wp\/v2\/media\/42"}],"wp:attachment":[{"href":"https:\/\/ligetapartmanhazak.hu\/index.php?rest_route=%2Fwp%2Fv2%2Fmedia&parent=7"}],"curies":[{"name":"wp","href":"https:\/\/api.w.org\/{rel}","templated":true}]}}