{"id":9,"date":"2018-05-08T08:11:09","date_gmt":"2018-05-08T06:11:09","guid":{"rendered":"http:\/\/ligetapartmanhazak.hu\/?page_id=9"},"modified":"2019-02-13T18:28:01","modified_gmt":"2019-02-13T17:28:01","slug":"elerhetoseg","status":"publish","type":"page","link":"https:\/\/ligetapartmanhazak.hu\/?page_id=9","title":{"rendered":"El\u00e9rhet\u0151s\u00e9g"},"content":{"rendered":"<p>C\u00edm<br \/>\nH-6060 Tiszak\u00e9cske,\u00a0<a href=\"https:\/\/goo.gl\/maps\/dMEAa4cT4CH2\" target=\"_blank\" rel=\"noopener\">Fogoly utca 3.<\/a><\/p>\n<p>\u00dcgyf\u00e9lfogad\u00e1si id\u0151 (telefonon):<br \/>\nMunkanapokon: 08:00-16:00<br \/>\nOroszi Edit\u00a0+36 30 841-0755<br \/>\ninfo@ligetapartmanhazak.hu<\/p>\n<p><iframe loading=\"lazy\" style=\"border: 0;\" src=\"https:\/\/www.google.com\/maps\/embed?pb=!1m18!1m12!1m3!1d1411.8312984252743!2d20.125192965436703!3d46.93847612438354!2m3!1f0!2f0!3f0!3m2!1i1024!2i768!4f13.1!3m3!1m2!1s0x47415868d48879b3%3A0x100fbdf473ad4e2c!2sLiget+Apartmanh%C3%A1zak%2C+Tiszak%C3%A9cske!5e1!3m2!1shu!2shu!4v1527056261692\" width=\"600\" height=\"450\" frameborder=\"0\" allowfullscreen=\"allowfullscreen\"><\/iframe><\/p>\n","protected":false},"excerpt":{"rendered":"<p>C\u00edm H-6060 Tiszak\u00e9cske,\u00a0Fogoly utca 3. \u00dcgyf\u00e9lfogad\u00e1si id\u0151 (telefonon): Munkanapokon: 08:00-16:00 Oroszi Edit\u00a0+36 30 841-0755 info@ligetapartmanhazak.hu<\/p>\n","protected":false},"author":1,"featured_media":0,"parent":0,"menu_order":0,"comment_status":"closed","ping_status":"closed","template":"template-full-width-page.php","meta":[],"_links":{"self":[{"href":"https:\/\/ligetapartmanhazak.hu\/index.php?rest_route=\/wp\/v2\/pages\/9"}],"collection":[{"href":"https:\/\/ligetapartmanhazak.hu\/index.php?rest_route=\/wp\/v2\/pages"}],"about":[{"href":"https:\/\/ligetapartmanhazak.hu\/index.php?rest_route=\/wp\/v2\/types\/page"}],"author":[{"embeddable":true,"href":"https:\/\/ligetapartmanhazak.hu\/index.php?rest_route=\/wp\/v2\/users\/1"}],"replies":[{"embeddable":true,"href":"https:\/\/ligetapartmanhazak.hu\/index.php?rest_route=%2Fwp%2Fv2%2Fcomments&post=9"}],"version-history":[{"count":14,"href":"https:\/\/ligetapartmanhazak.hu\/index.php?rest_route=\/wp\/v2\/pages\/9\/revisions"}],"predecessor-version":[{"id":321,"href":"https:\/\/ligetapartmanhazak.hu\/index.php?rest_route=\/wp\/v2\/pages\/9\/revisions\/321"}],"wp:attachment":[{"href":"https:\/\/ligetapartmanhazak.hu\/index.php?rest_route=%2Fwp%2Fv2%2Fmedia&parent=9"}],"curies":[{"name":"wp","href":"https:\/\/api.w.org\/{rel}","templated":true}]}}