{"id":92,"date":"2018-05-27T13:05:13","date_gmt":"2018-05-27T11:05:13","guid":{"rendered":"http:\/\/ligetapartmanhazak.hu\/?page_id=92"},"modified":"2024-01-02T17:24:18","modified_gmt":"2024-01-02T16:24:18","slug":"arak-es-foglalassal-kapcsolatos-informaciok","status":"publish","type":"page","link":"https:\/\/ligetapartmanhazak.hu\/?page_id=92","title":{"rendered":"\u00c1rak \u00e9s foglal\u00e1ssal kapcsolatos inform\u00e1ci\u00f3k"},"content":{"rendered":"<p>K\u00e9rj\u00fck, az \u00e1rakkal \u00e9s a foglal\u00e1ssal kapcsolatos inform\u00e1ci\u00f3k\u00e9rt keress\u00e9k Oroszi Editet munkanapokon 08:00 \u00e9s 16:00 \u00f3ra k\u00f6z\u00f6tt a +36 (30) 841 0755 telefonsz\u00e1mon, illetve az info@ligetapartmanhazak.hu e-mail c\u00edmen.<em><br><\/em><\/p>\n<p><strong>Felh\u00edvjuk sz\u00edves figyelm\u00fcket, hogy kiemelt id\u0151szakokban \u00e9s a f\u0151szezonban (&#8222;hossz\u00fa h\u00e9tv\u00e9g\u00e9k&#8221; valamint a j\u00fanius 15-t\u0151l augusztus 31-ig terjed\u0151 id\u0151szak) csak a legal\u00e1bb h\u00e1rom napra sz\u00f3l\u00f3 foglal\u00e1sokat tudjuk elfogadni.<\/strong><\/p>\n\n\n<p>Sz\u00e1ll\u00e1st foglalni \u00edr\u00e1sban, a fenti e-mail c\u00edmre k\u00fcld\u00f6tt \u00fczenettel lehet. A foglal\u00e1s t\u00e9ny\u00e9t visszaigazoljuk. K\u00e9rj\u00fck, hogy az \u00fczenetben mindenk\u00e9ppen adja meg nev\u00e9t, el\u00e9rhet\u0151s\u00e9g\u00e9t (els\u0151sorban telefonsz\u00e1m\u00e1t), illetve a foglal\u00e1ssal kapcsolatos minden egy\u00e9b inform\u00e1ci\u00f3t (id\u0151pont, \u00e9rkez\u0151k sz\u00e1ma, lefoglalni tervezett apartmanh\u00e1zak sz\u00e1m stb.).<br>Telefonon nem tudunk foglal\u00e1st felvenni, emiatt sz\u00edves meg\u00e9rt\u00e9s\u00fcket k\u00e9rj\u00fck!<\/p>\n\n\n\n<p>Sajnos <strong>sz\u00e1ll\u00e1shely\u00fcnk\u00f6n nem tudjuk biztos\u00edtani h\u00e1zi kedvenceik elhelyez\u00e9s\u00e9t<\/strong>, emiatt ugyancsak meg\u00e9rt\u00e9s\u00fcket k\u00e9rj\u00fck.<\/p>\n","protected":false},"excerpt":{"rendered":"<p>K\u00e9rj\u00fck, az \u00e1rakkal \u00e9s a foglal\u00e1ssal kapcsolatos inform\u00e1ci\u00f3k\u00e9rt keress\u00e9k Oroszi Editet munkanapokon 08:00 \u00e9s 16:00 \u00f3ra k\u00f6z\u00f6tt a +36 (30) 841 0755 telefonsz\u00e1mon, illetve az info@ligetapartmanhazak.hu e-mail c\u00edmen. Felh\u00edvjuk sz\u00edves figyelm\u00fcket, hogy kiemelt id\u0151szakokban \u00e9s a f\u0151szezonban (&#8222;hossz\u00fa h\u00e9tv\u00e9g\u00e9k&#8221; valamint a j\u00fanius 15-t\u0151l augusztus 31-ig terjed\u0151 id\u0151szak) csak a legal\u00e1bb h\u00e1rom napra sz\u00f3l\u00f3 foglal\u00e1sokat tudjuk &hellip; <a href=\"https:\/\/ligetapartmanhazak.hu\/?page_id=92\" class=\"more-link\">Continue reading<span class=\"screen-reader-text\"> &#8222;\u00c1rak \u00e9s foglal\u00e1ssal kapcsolatos inform\u00e1ci\u00f3k&#8221;<\/span><\/a><\/p>\n","protected":false},"author":1,"featured_media":0,"parent":0,"menu_order":0,"comment_status":"closed","ping_status":"closed","template":"template-full-width-page.php","meta":[],"_links":{"self":[{"href":"https:\/\/ligetapartmanhazak.hu\/index.php?rest_route=\/wp\/v2\/pages\/92"}],"collection":[{"href":"https:\/\/ligetapartmanhazak.hu\/index.php?rest_route=\/wp\/v2\/pages"}],"about":[{"href":"https:\/\/ligetapartmanhazak.hu\/index.php?rest_route=\/wp\/v2\/types\/page"}],"author":[{"embeddable":true,"href":"https:\/\/ligetapartmanhazak.hu\/index.php?rest_route=\/wp\/v2\/users\/1"}],"replies":[{"embeddable":true,"href":"https:\/\/ligetapartmanhazak.hu\/index.php?rest_route=%2Fwp%2Fv2%2Fcomments&post=92"}],"version-history":[{"count":18,"href":"https:\/\/ligetapartmanhazak.hu\/index.php?rest_route=\/wp\/v2\/pages\/92\/revisions"}],"predecessor-version":[{"id":341,"href":"https:\/\/ligetapartmanhazak.hu\/index.php?rest_route=\/wp\/v2\/pages\/92\/revisions\/341"}],"wp:attachment":[{"href":"https:\/\/ligetapartmanhazak.hu\/index.php?rest_route=%2Fwp%2Fv2%2Fmedia&parent=92"}],"curies":[{"name":"wp","href":"https:\/\/api.w.org\/{rel}","templated":true}]}}